{"id":358,"date":"2023-05-10T13:44:29","date_gmt":"2023-05-10T10:44:29","guid":{"rendered":"https:\/\/evalacati.com\/?page_id=358"},"modified":"2023-07-10T14:56:50","modified_gmt":"2023-07-10T11:56:50","slug":"hizmetler","status":"publish","type":"page","link":"https:\/\/evalacati.com\/index.php\/hizmetler\/","title":{"rendered":"H\u0130ZMETLER"},"content":{"rendered":"\n<figure class=\"wp-block-image alignwide size-large\"><img loading=\"lazy\" decoding=\"async\" width=\"1024\" height=\"677\" data-attachment-id=\"37\" data-permalink=\"https:\/\/evalacati.com\/index.php\/2017\/06\/13\/lazio-or-campania-which-location-is-best-for-your-stay\/depositphotos_46242691_original\/\" data-orig-file=\"https:\/\/evalacati.com\/wp-content\/uploads\/2017\/06\/Depositphotos_46242691_original.jpg\" data-orig-size=\"2000,1323\" data-comments-opened=\"1\" data-image-meta=\"{&quot;aperture&quot;:&quot;0&quot;,&quot;credit&quot;:&quot;&quot;,&quot;camera&quot;:&quot;&quot;,&quot;caption&quot;:&quot;&quot;,&quot;created_timestamp&quot;:&quot;0&quot;,&quot;copyright&quot;:&quot;&quot;,&quot;focal_length&quot;:&quot;0&quot;,&quot;iso&quot;:&quot;0&quot;,&quot;shutter_speed&quot;:&quot;0&quot;,&quot;title&quot;:&quot;&quot;,&quot;orientation&quot;:&quot;0&quot;}\" data-image-title=\"Depositphotos_46242691_original\" data-image-description=\"\" data-image-caption=\"\" data-medium-file=\"https:\/\/evalacati.com\/wp-content\/uploads\/2017\/06\/Depositphotos_46242691_original-300x198.jpg\" data-large-file=\"https:\/\/evalacati.com\/wp-content\/uploads\/2017\/06\/Depositphotos_46242691_original-1024x677.jpg\" src=\"https:\/\/evalacati.com\/wp-content\/uploads\/2017\/06\/Depositphotos_46242691_original-1024x677.jpg\" alt=\"\" class=\"wp-image-37\" srcset=\"https:\/\/evalacati.com\/wp-content\/uploads\/2017\/06\/Depositphotos_46242691_original-1024x677.jpg 1024w, https:\/\/evalacati.com\/wp-content\/uploads\/2017\/06\/Depositphotos_46242691_original-300x198.jpg 300w, https:\/\/evalacati.com\/wp-content\/uploads\/2017\/06\/Depositphotos_46242691_original-768x508.jpg 768w, https:\/\/evalacati.com\/wp-content\/uploads\/2017\/06\/Depositphotos_46242691_original-1536x1016.jpg 1536w, https:\/\/evalacati.com\/wp-content\/uploads\/2017\/06\/Depositphotos_46242691_original-934x618.jpg 934w, https:\/\/evalacati.com\/wp-content\/uploads\/2017\/06\/Depositphotos_46242691_original.jpg 2000w\" sizes=\"auto, (max-width: 1024px) 100vw, 1024px\" \/><\/figure>\n\n\n\n<div class=\"wp-block-getwid-section alignfull alignfull getwid-section-content-custom-width\"><div class=\"wp-block-getwid-section__wrapper getwid-padding-left-medium getwid-padding-right-medium\"><div class=\"wp-block-getwid-section__inner-wrapper\" style=\"max-width:1140px\"><div class=\"wp-block-getwid-section__background-holder\"><div class=\"wp-block-getwid-section__background\"><\/div><div class=\"wp-block-getwid-section__foreground\"><\/div><\/div><div class=\"wp-block-getwid-section__content\"><div class=\"wp-block-getwid-section__inner-content\">\n<div class=\"wp-block-getwid-advanced-heading\" style=\"margin-bottom:30px;margin-top:10px\"><h2 class=\"wp-block-getwid-advanced-heading__content has-text-color has-primary-color\" style=\"text-align:left\">Evala\u00e7at\u0131 nedir?<\/h2><\/div>\n\n\n\n<p>Evala\u00e7at\u0131, huzurlu ve keyifli tatil sunmak ad\u0131na, yeni yerler ke\u015ffetmek isteyen ve farkl\u0131 tecr\u00fcbelere a\u00e7\u0131k olan konuklara arad\u0131klar\u0131 konforu, huzuru, samimiyeti ve g\u00fcveni sunmay\u0131 hedefleyen bir \u015firkettir.<\/p>\n\n\n\n<p>\u00d6nceli\u011fi g\u00fcven ve kalite olan Evala\u00e7at\u0131\u2019n\u0131n kendilerini evlerinde hissedecekleri misafirlerine ihtiya\u00e7lar\u0131 olan konaklamay\u0131 sunarken, ayn\u0131 zamanda evlerini kiralamak isteyen ev sahiplerine de hizmet vermektedir.<\/p>\n\n\n\n<div class=\"wp-block-getwid-advanced-spacer\" style=\"height:40px\" aria-hidden=\"true\"><\/div>\n\n\n\n<div class=\"wp-block-columns has-3-columns is-layout-flex wp-container-core-columns-is-layout-9d6595d7 wp-block-columns-is-layout-flex\">\n<div class=\"wp-block-column is-layout-flow wp-block-column-is-layout-flow\">\n<div class=\"wp-block-getwid-icon-box has-text-center\"><div class=\"wp-block-getwid-icon-box__icon-container is-position-top\"><div class=\"wp-block-getwid-icon-box__icon-wrapper has-text-color\" style=\"font-size:36px;padding:0px;color:#000000\"><i class=\"far fa-bell\"><\/i><\/div><\/div><div class=\"wp-block-getwid-icon-box__content\">\n<div class=\"wp-block-getwid-advanced-heading\"><h3 class=\"wp-block-getwid-advanced-heading__content has-text-color has-primary-color\">Misafirlerimiz \u0130\u00e7in Hizmetlerimiz<\/h3><\/div>\n\n\n\n<p class=\"has-small-font-size\"><\/p>\n\n\n\n<blockquote class=\"wp-block-quote is-layout-flow wp-block-quote-is-layout-flow\">\n<p><\/p>\n\n\n\n<p><\/p>\n\n\n\n<p><\/p>\n\n\n\n<p class=\"has-medium-font-size\">Sizin i\u00e7in uygun olan evde, belirledi\u011finiz tarihlerde konaklamak.<\/p>\n\n\n\n<p class=\"has-medium-font-size\">Hayalinizdeki tatilinizi ger\u00e7ekle\u015ftirmek i\u00e7in elimizden geldi\u011fince size yard\u0131mc\u0131 olmak ve ihtiya\u00e7lar\u0131n\u0131z\u0131 kar\u015f\u0131lamak<\/p>\n<\/blockquote>\n<\/div><\/div>\n<\/div>\n\n\n\n<div class=\"wp-block-column is-layout-flow wp-block-column-is-layout-flow\">\n<div class=\"wp-block-getwid-icon-box has-text-center\"><div class=\"wp-block-getwid-icon-box__icon-container is-position-top\"><div class=\"wp-block-getwid-icon-box__icon-wrapper has-text-color\" style=\"font-size:36px;padding:0px;color:#000000\"><i class=\"far fa-lightbulb\"><\/i><\/div><\/div><div class=\"wp-block-getwid-icon-box__content\">\n<div class=\"wp-block-getwid-advanced-heading\"><h3 class=\"wp-block-getwid-advanced-heading__content has-text-color has-primary-color\">Ev Sahipleri \u0130\u00e7in Hizmetlerimiz<\/h3><\/div>\n\n\n\n<p class=\"has-small-font-size\"><\/p>\n\n\n\n<div class=\"wp-block-columns is-layout-flex wp-container-core-columns-is-layout-9d6595d7 wp-block-columns-is-layout-flex\">\n<div class=\"wp-block-column is-layout-flow wp-block-column-is-layout-flow\" style=\"flex-basis:100%\">\n<blockquote class=\"wp-block-quote is-layout-flow wp-block-quote-is-layout-flow\">\n<p class=\"has-medium-font-size\">Rezervasyonlar\u0131 onaylamak ve misafirlerle ileti\u015fim kurmak<\/p>\n\n\n\n<p class=\"has-medium-font-size\">Temizlik \u00e7al\u0131\u015fmalar\u0131n\u0131n planlanmas\u0131 ve y\u00f6netilmesi<\/p>\n\n\n\n<p class=\"has-medium-font-size\">Check-in ve Check-out i\u015flemlerini yapmak<\/p>\n\n\n\n<p class=\"has-medium-font-size\">\u0130lanlar\u0131 Airbnb ve di\u011fer kiralama platformlar\u0131nda da\u011f\u0131tmak<\/p>\n\n\n\n<p class=\"has-medium-font-size\">Sosyal Medya y\u00f6netimi<\/p>\n\n\n\n<p class=\"has-medium-font-size\">Pazarlama<\/p>\n\n\n\n<p class=\"has-medium-font-size\">Yasal tavsiye ve y\u00f6nlendirme<\/p>\n\n\n\n<p class=\"has-medium-font-size\">Foto\u011fraf katalo\u011fu olu\u015fturmak<\/p>\n\n\n\n<p class=\"has-medium-font-size\">Ev ila\u00e7lamas\u0131<\/p>\n\n\n\n<p class=\"has-medium-font-size\">Bitki bak\u0131m\u0131 <\/p>\n<\/blockquote>\n<\/div>\n<\/div>\n<\/div><\/div>\n<\/div>\n<\/div>\n<\/div><\/div><\/div><\/div><\/div>\n\n\n\n<div class=\"wp-block-jetpack-send-a-message\">\n<div class=\"wp-block-jetpack-whatsapp-button aligncenter is-color-dark\"><a class=\"whatsapp-block__button\" href=\"https:\/\/api.whatsapp.com\/send?phone=905010992330&amp;text=Merhaba%2C%20WhatsApp%20bilgilerinizi%20web%20sitenizden%20ald%C4%B1m.\" style=\"background-color:#25D366;color:#fff\" target=\"_self\" rel=\"noopener noreferrer\">Bize WhatsApp numaram\u0131zdan ula\u015fabilirsiniz<\/a><\/div>\n<\/div>\n","protected":false},"excerpt":{"rendered":"","protected":false},"author":3,"featured_media":0,"parent":0,"menu_order":0,"comment_status":"closed","ping_status":"closed","template":"","meta":{"inline_featured_image":false,"footnotes":""},"class_list":["post-358","page","type-page","status-publish","hentry"],"jetpack_sharing_enabled":true,"_links":{"self":[{"href":"https:\/\/evalacati.com\/index.php\/wp-json\/wp\/v2\/pages\/358","targetHints":{"allow":["GET"]}}],"collection":[{"href":"https:\/\/evalacati.com\/index.php\/wp-json\/wp\/v2\/pages"}],"about":[{"href":"https:\/\/evalacati.com\/index.php\/wp-json\/wp\/v2\/types\/page"}],"author":[{"embeddable":true,"href":"https:\/\/evalacati.com\/index.php\/wp-json\/wp\/v2\/users\/3"}],"replies":[{"embeddable":true,"href":"https:\/\/evalacati.com\/index.php\/wp-json\/wp\/v2\/comments?post=358"}],"version-history":[{"count":10,"href":"https:\/\/evalacati.com\/index.php\/wp-json\/wp\/v2\/pages\/358\/revisions"}],"predecessor-version":[{"id":511,"href":"https:\/\/evalacati.com\/index.php\/wp-json\/wp\/v2\/pages\/358\/revisions\/511"}],"wp:attachment":[{"href":"https:\/\/evalacati.com\/index.php\/wp-json\/wp\/v2\/media?parent=358"}],"curies":[{"name":"wp","href":"https:\/\/api.w.org\/{rel}","templated":true}]}}