{"id":253,"date":"2023-04-11T11:23:58","date_gmt":"2023-04-11T11:23:58","guid":{"rendered":"https:\/\/evalacati.com\/?page_id=253"},"modified":"2023-05-29T16:07:19","modified_gmt":"2023-05-29T13:07:19","slug":"hakkimizda","status":"publish","type":"page","link":"https:\/\/evalacati.com\/index.php\/hakkimizda\/","title":{"rendered":"HAKKIMIZDA"},"content":{"rendered":"<div class=\"wp-block-image\">\n<figure class=\"aligncenter size-large is-resized\"><img loading=\"lazy\" decoding=\"async\" data-attachment-id=\"318\" data-permalink=\"https:\/\/evalacati.com\/index.php\/accommodation\/villa-harnup\/img_8957_jpg\/\" data-orig-file=\"https:\/\/evalacati.com\/wp-content\/uploads\/2017\/06\/IMG_8957_jpg-scaled.jpg\" data-orig-size=\"1920,2560\" data-comments-opened=\"1\" data-image-meta=\"{&quot;aperture&quot;:&quot;1.5&quot;,&quot;credit&quot;:&quot;&quot;,&quot;camera&quot;:&quot;iPhone 13 Pro Max&quot;,&quot;caption&quot;:&quot;&quot;,&quot;created_timestamp&quot;:&quot;1666794982&quot;,&quot;copyright&quot;:&quot;&quot;,&quot;focal_length&quot;:&quot;5.7&quot;,&quot;iso&quot;:&quot;125&quot;,&quot;shutter_speed&quot;:&quot;0.01&quot;,&quot;title&quot;:&quot;&quot;,&quot;orientation&quot;:&quot;0&quot;}\" data-image-title=\"IMG_8957_jpg\" data-image-description=\"\" data-image-caption=\"\" data-medium-file=\"https:\/\/evalacati.com\/wp-content\/uploads\/2017\/06\/IMG_8957_jpg-225x300.jpg\" data-large-file=\"https:\/\/evalacati.com\/wp-content\/uploads\/2017\/06\/IMG_8957_jpg-768x1024.jpg\" src=\"https:\/\/evalacati.com\/wp-content\/uploads\/2017\/06\/IMG_8957_jpg-768x1024.jpg\" alt=\"\" class=\"wp-image-318\" width=\"546\" height=\"728\" srcset=\"https:\/\/evalacati.com\/wp-content\/uploads\/2017\/06\/IMG_8957_jpg-768x1024.jpg 768w, https:\/\/evalacati.com\/wp-content\/uploads\/2017\/06\/IMG_8957_jpg-225x300.jpg 225w, https:\/\/evalacati.com\/wp-content\/uploads\/2017\/06\/IMG_8957_jpg-1152x1536.jpg 1152w, https:\/\/evalacati.com\/wp-content\/uploads\/2017\/06\/IMG_8957_jpg-1536x2048.jpg 1536w, https:\/\/evalacati.com\/wp-content\/uploads\/2017\/06\/IMG_8957_jpg-2000x2667.jpg 2000w, https:\/\/evalacati.com\/wp-content\/uploads\/2017\/06\/IMG_8957_jpg-464x618.jpg 464w, https:\/\/evalacati.com\/wp-content\/uploads\/2017\/06\/IMG_8957_jpg-scaled.jpg 1920w\" sizes=\"auto, (max-width: 546px) 100vw, 546px\" \/><\/figure>\n<\/div>\n\n\n<p class=\"has-text-align-left\" style=\"font-size:18px\">Evala\u00e7at\u0131, kendinizi evinizde hissettiren huzurun adresi&#8230;<\/p>\n\n\n\n<p class=\"has-text-align-left\" style=\"font-size:18px\">Bunun yan\u0131 s\u0131ra, sahip oldu\u011fumuz misafir memnuniyeti ve ba\u015far\u0131s\u0131 nedeni ile, evlerinin kap\u0131lar\u0131n\u0131 misafirlere a\u00e7mak isteyen ba\u015fka ev sahiplerine de bu alanda yer almalar\u0131 i\u00e7in hizmet sunuyoruz.<\/p>\n\n\n\n<p class=\"has-text-align-left\" style=\"font-size:18px\">Amac\u0131m\u0131z, arzulad\u0131klar\u0131 bir tatil ge\u00e7irmeyi hedefleyen misafirlerimizle, bak\u0131ml\u0131, konforlu ve g\u00fcvenilir ev sahiplerini bulu\u015fturuyoruz.<\/p>\n\n\n\n<p class=\"has-text-align-left\" style=\"font-size:18px\">Evala\u00e7at\u0131 olarak \u015fimdiye kadar olan \u00f6nceli\u011fimiz bizi tercih eden misafirlerimize kendilerini evlerinde gibi hissedecekleri bir konaklama hizmeti sunarken, ev sahiplerine sahip oldu\u011fumuz deneyimle tan\u0131t\u0131m ve pazarlama f\u0131rsatlar\u0131 sunuyoruz.<\/p>\n","protected":false},"excerpt":{"rendered":"<p>Evala\u00e7at\u0131, kendinizi evinizde hissettiren huzurun adresi&#8230; Bunun yan\u0131 s\u0131ra, sahip oldu\u011fumuz misafir memnuniyeti ve ba\u015far\u0131s\u0131 nedeni ile, evlerinin kap\u0131lar\u0131n\u0131 misafirlere a\u00e7mak isteyen ba\u015fka ev sahiplerine de bu alanda yer almalar\u0131 i\u00e7in hizmet sunuyoruz. Amac\u0131m\u0131z, arzulad\u0131klar\u0131 bir tatil ge\u00e7irmeyi hedefleyen misafirlerimizle, bak\u0131ml\u0131, konforlu ve g\u00fcvenilir ev sahiplerini bulu\u015fturuyoruz. Evala\u00e7at\u0131 olarak \u015fimdiye kadar olan \u00f6nceli\u011fimiz bizi tercih &hellip; <a href=\"https:\/\/evalacati.com\/index.php\/hakkimizda\/\" class=\"more-link\">Continue reading<span class=\"screen-reader-text\"> &#8220;HAKKIMIZDA&#8221;<\/span><\/a><\/p>\n","protected":false},"author":3,"featured_media":0,"parent":0,"menu_order":0,"comment_status":"closed","ping_status":"closed","template":"","meta":{"inline_featured_image":false,"footnotes":""},"class_list":["post-253","page","type-page","status-publish","hentry"],"jetpack_sharing_enabled":true,"_links":{"self":[{"href":"https:\/\/evalacati.com\/index.php\/wp-json\/wp\/v2\/pages\/253","targetHints":{"allow":["GET"]}}],"collection":[{"href":"https:\/\/evalacati.com\/index.php\/wp-json\/wp\/v2\/pages"}],"about":[{"href":"https:\/\/evalacati.com\/index.php\/wp-json\/wp\/v2\/types\/page"}],"author":[{"embeddable":true,"href":"https:\/\/evalacati.com\/index.php\/wp-json\/wp\/v2\/users\/3"}],"replies":[{"embeddable":true,"href":"https:\/\/evalacati.com\/index.php\/wp-json\/wp\/v2\/comments?post=253"}],"version-history":[{"count":8,"href":"https:\/\/evalacati.com\/index.php\/wp-json\/wp\/v2\/pages\/253\/revisions"}],"predecessor-version":[{"id":388,"href":"https:\/\/evalacati.com\/index.php\/wp-json\/wp\/v2\/pages\/253\/revisions\/388"}],"wp:attachment":[{"href":"https:\/\/evalacati.com\/index.php\/wp-json\/wp\/v2\/media?parent=253"}],"curies":[{"name":"wp","href":"https:\/\/api.w.org\/{rel}","templated":true}]}}