{"id":250,"date":"2023-04-11T11:22:22","date_gmt":"2023-04-11T11:22:22","guid":{"rendered":"https:\/\/evalacati.com\/?page_id=250"},"modified":"2023-08-02T21:59:09","modified_gmt":"2023-08-02T18:59:09","slug":"iletisim","status":"publish","type":"page","link":"https:\/\/evalacati.com\/index.php\/iletisim\/","title":{"rendered":"\u0130LET\u0130\u015e\u0130M"},"content":{"rendered":"\n<div class=\"wp-block-getwid-section alignfull alignfull getwid-section-content-custom-width\"><div class=\"wp-block-getwid-section__wrapper getwid-padding-left-medium getwid-padding-right-medium\"><div class=\"wp-block-getwid-section__inner-wrapper\" style=\"max-width:1140px\"><div class=\"wp-block-getwid-section__background-holder\"><div class=\"wp-block-getwid-section__background\"><\/div><div class=\"wp-block-getwid-section__foreground\"><\/div><\/div><div class=\"wp-block-getwid-section__content\"><div class=\"wp-block-getwid-section__inner-content\">\n<div class=\"wp-block-getwid-advanced-heading\" style=\"margin-top:0px\"><span class=\"wp-block-getwid-advanced-heading__content\" style=\"text-align:center\">Bizimle ileti\u015fime ge\u00e7in!<\/span><\/div>\n\n\n\n<div class=\"wp-block-getwid-advanced-heading\" style=\"margin-bottom:30px;margin-top:10px\"><h2 class=\"wp-block-getwid-advanced-heading__content has-text-color has-primary-color\" style=\"text-align:center\">Sorunuz var m\u0131?<\/h2><\/div>\n\n\n\n<p class=\"has-text-align-center\">Sormak istedi\u011finiz sorular\u0131 ya da \u00f6nerilerinizi bizimle ileit\u015fime ge\u00e7erek bize ula\u015ft\u0131rabilirsiniz.<\/p>\n\n\n\n<div class=\"wp-block-getwid-advanced-spacer\" style=\"height:40px\" aria-hidden=\"true\"><\/div>\n\n\n\n<div class=\"wp-block-columns has-2-columns is-layout-flex wp-container-core-columns-is-layout-9d6595d7 wp-block-columns-is-layout-flex\">\n<div class=\"wp-block-column is-layout-flow wp-block-column-is-layout-flow\">\n<div class=\"wp-block-getwid-advanced-heading\" style=\"margin-bottom:20px\"><h3 class=\"wp-block-getwid-advanced-heading__content has-text-color has-primary-color\">EVALA\u00c7ATI<\/h3><\/div>\n\n\n\n<p>Ala\u00e7at\u0131-\u00c7e\u015fme<\/p>\n\n\n\n<p>+90 (501) 099 23 30<br> Ala\u00e7at\u0131-\u00c7e\u015fme\/T\u00dcRK\u0130YE<br> <a href=\"info@evalacati.com\">info@evalacati.com<\/a><\/p>\n\n\n\n<div class=\"wp-block-jetpack-send-a-message\">\n<div class=\"wp-block-jetpack-whatsapp-button is-color-dark\"><a class=\"whatsapp-block__button\" href=\"https:\/\/api.whatsapp.com\/send?phone=905010992330&amp;text=Merhaba%2C%20WhatsApp%20bilgilerinizi%20web%20sitenizden%20ald%C4%B1m.\" style=\"background-color:#25D366;color:#fff\" target=\"_blank\" rel=\"noopener noreferrer\">Bize WhatsApp&#8217;tan ula\u015fabilirsiniz<\/a><\/div>\n<\/div>\n<\/div>\n<\/div>\n<\/div><\/div><\/div><\/div><\/div>\n\n\n\n<div class=\"wp-block-jetpack-send-a-message\"><\/div>\n","protected":false},"excerpt":{"rendered":"","protected":false},"author":3,"featured_media":0,"parent":0,"menu_order":0,"comment_status":"closed","ping_status":"closed","template":"","meta":{"inline_featured_image":false,"footnotes":""},"class_list":["post-250","page","type-page","status-publish","hentry"],"jetpack_sharing_enabled":true,"_links":{"self":[{"href":"https:\/\/evalacati.com\/index.php\/wp-json\/wp\/v2\/pages\/250","targetHints":{"allow":["GET"]}}],"collection":[{"href":"https:\/\/evalacati.com\/index.php\/wp-json\/wp\/v2\/pages"}],"about":[{"href":"https:\/\/evalacati.com\/index.php\/wp-json\/wp\/v2\/types\/page"}],"author":[{"embeddable":true,"href":"https:\/\/evalacati.com\/index.php\/wp-json\/wp\/v2\/users\/3"}],"replies":[{"embeddable":true,"href":"https:\/\/evalacati.com\/index.php\/wp-json\/wp\/v2\/comments?post=250"}],"version-history":[{"count":9,"href":"https:\/\/evalacati.com\/index.php\/wp-json\/wp\/v2\/pages\/250\/revisions"}],"predecessor-version":[{"id":679,"href":"https:\/\/evalacati.com\/index.php\/wp-json\/wp\/v2\/pages\/250\/revisions\/679"}],"wp:attachment":[{"href":"https:\/\/evalacati.com\/index.php\/wp-json\/wp\/v2\/media?parent=250"}],"curies":[{"name":"wp","href":"https:\/\/api.w.org\/{rel}","templated":true}]}}